{"id":2826,"date":"2024-02-02T13:38:32","date_gmt":"2024-02-02T11:38:32","guid":{"rendered":"https:\/\/shop.infusionsocialclub.com\/index.php\/product\/pave-2\/"},"modified":"2024-10-17T12:30:45","modified_gmt":"2024-10-17T10:30:45","slug":"pave-2","status":"publish","type":"product","link":"https:\/\/shop.infusionsocialclub.com\/index.php\/product\/pave-2\/","title":{"rendered":"Pave"},"content":{"rendered":"<p>Pav\u00e9 is a marijuana strain from Compound Genetics. It&#8217;s a blingy, minty, gassy cross of Paris OG and The Menthol. The award-winning breeder currently sells Pav\u00e9 seeds in new crosses Candy Pav\u00e9 (Eye Candy x Pav\u00e9), and the strawberry-scented Strawberry Pave (Red Pop x Pav\u00e9). Pav\u00e9 with the accento refers to jewelry so iced out you can\u2019t see the metal setting. The strain screams 2022 in exotics\u2014a white-out trichome blizzard burying a stacked, thick bud. Pav\u00e9 also dumps hash. This crazy-high-THC hybrid adds some blinding, heady bling to any situation. Grab some sunglasses.<\/p>\n","protected":false},"excerpt":{"rendered":"<p>Pav\u00e9 is a marijuana strain from Compound Genetics. It&#8217;s a blingy, minty, gassy cross of Paris OG and The Menthol. The award-winning breeder currently sells Pav\u00e9 seeds in new crosses Candy Pav\u00e9 (Eye Candy x Pav\u00e9), and the strawberry-scented Strawberry Pave (Red Pop x Pav\u00e9). Pav\u00e9 with the accento refers to jewelry so iced out you can\u2019t see the metal setting. The strain screams 2022 in exotics\u2014a white-out trichome blizzard burying a stacked, thick bud. Pav\u00e9 also dumps hash. This crazy-high-THC hybrid adds some blinding, heady bling to any situation. Grab some sunglasses.<\/p>\n","protected":false},"featured_media":0,"comment_status":"open","ping_status":"closed","template":"","meta":{"site-sidebar-layout":"default","site-content-layout":"","ast-site-content-layout":"default","site-content-style":"default","site-sidebar-style":"default","ast-global-header-display":"","ast-banner-title-visibility":"","ast-main-header-display":"","ast-hfb-above-header-display":"","ast-hfb-below-header-display":"","ast-hfb-mobile-header-display":"","site-post-title":"","ast-breadcrumbs-content":"","ast-featured-img":"","footer-sml-layout":"","ast-disable-related-posts":"","theme-transparent-header-meta":"default","adv-header-id-meta":"","stick-header-meta":"","header-above-stick-meta":"","header-main-stick-meta":"","header-below-stick-meta":"","astra-migrate-meta-layouts":"set","ast-page-background-enabled":"default","ast-page-background-meta":{"desktop":{"background-color":"var(--ast-global-color-4)","background-image":"","background-repeat":"repeat","background-position":"center center","background-size":"auto","background-attachment":"scroll","background-type":"","background-media":"","overlay-type":"","overlay-color":"","overlay-opacity":"","overlay-gradient":""},"tablet":{"background-color":"","background-image":"","background-repeat":"repeat","background-position":"center center","background-size":"auto","background-attachment":"scroll","background-type":"","background-media":"","overlay-type":"","overlay-color":"","overlay-opacity":"","overlay-gradient":""},"mobile":{"background-color":"","background-image":"","background-repeat":"repeat","background-position":"center center","background-size":"auto","background-attachment":"scroll","background-type":"","background-media":"","overlay-type":"","overlay-color":"","overlay-opacity":"","overlay-gradient":""}},"ast-content-background-meta":{"desktop":{"background-color":"var(--ast-global-color-5)","background-image":"","background-repeat":"repeat","background-position":"center center","background-size":"auto","background-attachment":"scroll","background-type":"","background-media":"","overlay-type":"","overlay-color":"","overlay-opacity":"","overlay-gradient":""},"tablet":{"background-color":"var(--ast-global-color-5)","background-image":"","background-repeat":"repeat","background-position":"center center","background-size":"auto","background-attachment":"scroll","background-type":"","background-media":"","overlay-type":"","overlay-color":"","overlay-opacity":"","overlay-gradient":""},"mobile":{"background-color":"var(--ast-global-color-5)","background-image":"","background-repeat":"repeat","background-position":"center center","background-size":"auto","background-attachment":"scroll","background-type":"","background-media":"","overlay-type":"","overlay-color":"","overlay-opacity":"","overlay-gradient":""}}},"product_brand":[],"product_cat":[89,91],"product_tag":[],"class_list":{"0":"post-2826","1":"product","2":"type-product","3":"status-publish","5":"product_cat-cannabis","6":"product_cat-indoor","7":"desktop-align-left","8":"tablet-align-left","9":"mobile-align-left","11":"first","12":"outofstock","13":"taxable","14":"shipping-taxable","15":"purchasable","16":"product-type-simple"},"_links":{"self":[{"href":"https:\/\/shop.infusionsocialclub.com\/index.php\/wp-json\/wp\/v2\/product\/2826","targetHints":{"allow":["GET"]}}],"collection":[{"href":"https:\/\/shop.infusionsocialclub.com\/index.php\/wp-json\/wp\/v2\/product"}],"about":[{"href":"https:\/\/shop.infusionsocialclub.com\/index.php\/wp-json\/wp\/v2\/types\/product"}],"replies":[{"embeddable":true,"href":"https:\/\/shop.infusionsocialclub.com\/index.php\/wp-json\/wp\/v2\/comments?post=2826"}],"wp:attachment":[{"href":"https:\/\/shop.infusionsocialclub.com\/index.php\/wp-json\/wp\/v2\/media?parent=2826"}],"wp:term":[{"taxonomy":"product_brand","embeddable":true,"href":"https:\/\/shop.infusionsocialclub.com\/index.php\/wp-json\/wp\/v2\/product_brand?post=2826"},{"taxonomy":"product_cat","embeddable":true,"href":"https:\/\/shop.infusionsocialclub.com\/index.php\/wp-json\/wp\/v2\/product_cat?post=2826"},{"taxonomy":"product_tag","embeddable":true,"href":"https:\/\/shop.infusionsocialclub.com\/index.php\/wp-json\/wp\/v2\/product_tag?post=2826"}],"curies":[{"name":"wp","href":"https:\/\/api.w.org\/{rel}","templated":true}]}}